{"id":22538,"date":"2022-09-06T11:31:52","date_gmt":"2022-09-06T11:31:52","guid":{"rendered":"https:\/\/elementor.zozothemes.com\/interiar\/portfolio-slider-copy\/"},"modified":"2024-12-12T18:02:58","modified_gmt":"2024-12-12T16:02:58","slug":"portfolio-items","status":"publish","type":"page","link":"https:\/\/pl.gerz-construction.com\/en\/portfolio-items\/","title":{"rendered":"Portfolio"},"content":{"rendered":"<div data-elementor-type=\"wp-page\" data-elementor-id=\"22538\" class=\"elementor elementor-22538\" data-elementor-post-type=\"page\">\n\t\t\t\t\t\t<section class=\"elementor-section elementor-top-section elementor-element elementor-element-79ca2a1 elementor-section-stretched elementor-section-content-middle cus-float-img elementor-section-full_width elementor-section-height-default elementor-section-height-default\" data-id=\"79ca2a1\" data-element_type=\"section\" data-settings=\"{&quot;stretch_section&quot;:&quot;section-stretched&quot;,&quot;background_background&quot;:&quot;classic&quot;,&quot;_ha_eqh_enable&quot;:false}\">\n\t\t\t\t\t\t\t<div class=\"elementor-background-overlay\"><\/div>\n\t\t\t\t\t\t\t<div class=\"elementor-container elementor-column-gap-wide\">\n\t\t\t\t\t<div class=\"elementor-column elementor-col-100 elementor-top-column elementor-element elementor-element-e53d151\" data-id=\"e53d151\" data-element_type=\"column\">\n\t\t\t<div class=\"elementor-widget-wrap elementor-element-populated\">\n\t\t\t\t\t\t<section class=\"elementor-section elementor-inner-section elementor-element elementor-element-63985bd elementor-section-content-middle elementor-section-boxed elementor-section-height-default elementor-section-height-default\" data-id=\"63985bd\" data-element_type=\"section\" data-settings=\"{&quot;_ha_eqh_enable&quot;:false}\">\n\t\t\t\t\t\t<div class=\"elementor-container elementor-column-gap-default\">\n\t\t\t\t\t<div class=\"elementor-column elementor-col-100 elementor-inner-column elementor-element elementor-element-cc5275d\" data-id=\"cc5275d\" data-element_type=\"column\">\n\t\t\t<div class=\"elementor-widget-wrap\">\n\t\t\t\t\t\t\t<\/div>\n\t\t<\/div>\n\t\t\t\t\t<\/div>\n\t\t<\/section>\n\t\t\t\t\t<\/div>\n\t\t<\/div>\n\t\t\t\t\t<\/div>\n\t\t<\/section>\n\t\t\t\t<section class=\"elementor-section elementor-top-section elementor-element elementor-element-ae95cdc elementor-section-full_width elementor-section-stretched elementor-section-height-default elementor-section-height-default\" data-id=\"ae95cdc\" data-element_type=\"section\" data-settings=\"{&quot;stretch_section&quot;:&quot;section-stretched&quot;,&quot;background_background&quot;:&quot;classic&quot;,&quot;_ha_eqh_enable&quot;:&quot;yes&quot;,&quot;_ha_eqh_widget&quot;:[&quot;ceaportfolio&quot;],&quot;_ha_eqh_to&quot;:&quot;widget&quot;,&quot;_ha_eqh_disable_on_tablet&quot;:&quot;no&quot;,&quot;_ha_eqh_disable_on_mobile&quot;:&quot;yes&quot;}\">\n\t\t\t\t\t\t\t<div class=\"elementor-background-overlay\"><\/div>\n\t\t\t\t\t\t\t<div class=\"elementor-container elementor-column-gap-default\">\n\t\t\t\t\t<div class=\"elementor-column elementor-col-100 elementor-top-column elementor-element elementor-element-f862a12\" data-id=\"f862a12\" data-element_type=\"column\">\n\t\t\t<div class=\"elementor-widget-wrap elementor-element-populated\">\n\t\t\t\t\t\t<div class=\"elementor-element elementor-element-2b2883a elementor-widget elementor-widget-ceaportfolio\" data-id=\"2b2883a\" data-element_type=\"widget\" data-widget_type=\"ceaportfolio.default\">\n\t\t\t\t\r\n\t\t<div class=\"elementor-widget-container portfolio-wrapper portfolio-style-classic portfolio-light portfolio-isotope-model image-gallery\">\r\n\t\t\r\n\t\t\t<div class=\"isotope-filter\"><ul class=\"nav m-auto d-block\"><li class=\"active\"><a href=\"#\" class=\"isotope-filter-item\" data-filter=\"\">\u0412\u0441\u0456<\/a><\/li><li><a href=\"#\" class=\"isotope-filter-item\" data-filter=\".portfolio-filter-73\">Infrastruktura spo\u0142eczna<\/a><\/li><li><a href=\"#\" class=\"isotope-filter-item\" data-filter=\".portfolio-filter-74\">Przemys\u0142<\/a><\/li><li><a href=\"#\" class=\"isotope-filter-item\" data-filter=\".portfolio-filter-75\">Nieruchomo\u015bci mieszkalne<\/a><\/li><li><a href=\"#\" class=\"isotope-filter-item\" data-filter=\".portfolio-filter-76\">Nieruchomo\u015bci komercyjne<\/a><\/li><\/ul><\/div><div class=\"isotope isotope-col-3\" data-cols=\"3\" data-gutter=\"0\" data-layout=\"masonry\" data-infinite=\"\" data-lazyload=\"\" data-loadmsg=\"Loading..\" data-loadend=\"No more posts..\" data-loadimg=\"https:\/\/pl.gerz-construction.com\/wp-content\/plugins\/classic-elementor-addons-pro\/assets\/images\/infinite-loader.gif\"><div class=\"isotope-item portfolio-filter-73\"><div class=\"portfolio-inner\"><div class=\"post-thumb post-overlay-active\"><a href=\"https:\/\/pl.gerz-construction.com\/en\/portfolio\/stadion-miejski-gks\/\" class=\"post-image-link\"><img decoding=\"async\" src=\"https:\/\/pl.gerz-construction.com\/wp-content\/uploads\/2024\/12\/167822_r0_1140.jpg\" title=\"167822_r0_1140\" alt=\"\" class=\"img-fluid squared\" \/><\/a><div class=\"post-overlay-items\"><div class=\"post-icons\"><ul class=\"nav\"><li class=\"post-magnific-wrap\"><a href=\"#\" class=\"post-magnific image-gallery-link\" data-mfp-src=\"https:\/\/pl.gerz-construction.com\/wp-content\/uploads\/2024\/12\/167822_r0_1140.jpg\"><span class=\"ti-zoom-in\"><\/span><\/a><\/li><li class=\"post-link-wrap\"><a href=\"https:\/\/pl.gerz-construction.com\/en\/portfolio\/stadion-miejski-gks\/\" class=\"post-link\"><span class=\"ti-link\"><\/span><\/a><\/li><\/ul><\/div><!-- .post-icons --><div class=\"entry-title\"><h4 class=\"post-title-head\"><a href=\"https:\/\/pl.gerz-construction.com\/en\/portfolio\/stadion-miejski-gks\/\" class=\"post-title\">Stadion Miejski GKS<\/a><\/h4><\/div><!-- .entry-title --><\/div><\/div><!-- .post-thumb --><\/div><!-- .portfolio-inner --><\/div><!-- .col \/ .owl-carousel-item \/ .isotope --><div class=\"isotope-item portfolio-filter-74\"><div class=\"portfolio-inner\"><div class=\"post-thumb post-overlay-active\"><a href=\"https:\/\/pl.gerz-construction.com\/en\/portfolio\/polska-miedz\/\" class=\"post-image-link\"><img decoding=\"async\" src=\"https:\/\/pl.gerz-construction.com\/wp-content\/uploads\/2024\/12\/kurierw_4-8.jpg\" title=\"kurierw_4-8\" alt=\"\" class=\"img-fluid squared img-fluid squared\" \/><\/a><div class=\"post-overlay-items\"><div class=\"post-icons\"><ul class=\"nav\"><li class=\"post-magnific-wrap\"><a href=\"#\" class=\"post-magnific image-gallery-link\" data-mfp-src=\"https:\/\/pl.gerz-construction.com\/wp-content\/uploads\/2024\/12\/kurierw_4-8.jpg\"><span class=\"ti-zoom-in\"><\/span><\/a><\/li><li class=\"post-link-wrap\"><a href=\"https:\/\/pl.gerz-construction.com\/en\/portfolio\/polska-miedz\/\" class=\"post-link\"><span class=\"ti-link\"><\/span><\/a><\/li><\/ul><\/div><!-- .post-icons --><div class=\"entry-title\"><h4 class=\"post-title-head\"><a href=\"https:\/\/pl.gerz-construction.com\/en\/portfolio\/polska-miedz\/\" class=\"post-title\">Polska mied\u017a<\/a><\/h4><\/div><!-- .entry-title --><\/div><\/div><!-- .post-thumb --><\/div><!-- .portfolio-inner --><\/div><!-- .col \/ .owl-carousel-item \/ .isotope --><div class=\"isotope-item portfolio-filter-73\"><div class=\"portfolio-inner\"><div class=\"post-thumb post-overlay-active\"><a href=\"https:\/\/pl.gerz-construction.com\/en\/portfolio\/spital-rydygiera\/\" class=\"post-image-link\"><img decoding=\"async\" src=\"https:\/\/pl.gerz-construction.com\/wp-content\/uploads\/2024\/12\/szpital-30-lat.jpg\" title=\"szpital-30-lat\" alt=\"\" class=\"img-fluid squared img-fluid squared img-fluid squared\" \/><\/a><div class=\"post-overlay-items\"><div class=\"post-icons\"><ul class=\"nav\"><li class=\"post-magnific-wrap\"><a href=\"#\" class=\"post-magnific image-gallery-link\" data-mfp-src=\"https:\/\/pl.gerz-construction.com\/wp-content\/uploads\/2024\/12\/szpital-30-lat.jpg\"><span class=\"ti-zoom-in\"><\/span><\/a><\/li><li class=\"post-link-wrap\"><a href=\"https:\/\/pl.gerz-construction.com\/en\/portfolio\/spital-rydygiera\/\" class=\"post-link\"><span class=\"ti-link\"><\/span><\/a><\/li><\/ul><\/div><!-- .post-icons --><div class=\"entry-title\"><h4 class=\"post-title-head\"><a href=\"https:\/\/pl.gerz-construction.com\/en\/portfolio\/spital-rydygiera\/\" class=\"post-title\">Spital Rydygiera<\/a><\/h4><\/div><!-- .entry-title --><\/div><\/div><!-- .post-thumb --><\/div><!-- .portfolio-inner --><\/div><!-- .col \/ .owl-carousel-item \/ .isotope --><div class=\"isotope-item portfolio-filter-73\"><div class=\"portfolio-inner\"><div class=\"post-thumb post-overlay-active\"><a href=\"https:\/\/pl.gerz-construction.com\/en\/portfolio\/dworzec-autobusowy\/\" class=\"post-image-link\"><img decoding=\"async\" src=\"https:\/\/pl.gerz-construction.com\/wp-content\/uploads\/2024\/12\/231302.jpg\" title=\"231302\" alt=\"\" class=\"img-fluid squared img-fluid squared img-fluid squared img-fluid squared\" \/><\/a><div class=\"post-overlay-items\"><div class=\"post-icons\"><ul class=\"nav\"><li class=\"post-magnific-wrap\"><a href=\"#\" class=\"post-magnific image-gallery-link\" data-mfp-src=\"https:\/\/pl.gerz-construction.com\/wp-content\/uploads\/2024\/12\/231302.jpg\"><span class=\"ti-zoom-in\"><\/span><\/a><\/li><li class=\"post-link-wrap\"><a href=\"https:\/\/pl.gerz-construction.com\/en\/portfolio\/dworzec-autobusowy\/\" class=\"post-link\"><span class=\"ti-link\"><\/span><\/a><\/li><\/ul><\/div><!-- .post-icons --><div class=\"entry-title\"><h4 class=\"post-title-head\"><a href=\"https:\/\/pl.gerz-construction.com\/en\/portfolio\/dworzec-autobusowy\/\" class=\"post-title\">Dworzec autobusowy<\/a><\/h4><\/div><!-- .entry-title --><\/div><\/div><!-- .post-thumb --><\/div><!-- .portfolio-inner --><\/div><!-- .col \/ .owl-carousel-item \/ .isotope --><div class=\"isotope-item portfolio-filter-75\"><div class=\"portfolio-inner\"><div class=\"post-thumb post-overlay-active\"><a href=\"https:\/\/pl.gerz-construction.com\/en\/portfolio\/red-park\/\" class=\"post-image-link\"><img decoding=\"async\" src=\"https:\/\/pl.gerz-construction.com\/wp-content\/uploads\/2024\/12\/red-park-etap-iv.jpg\" title=\"red-park-etap-iv\" alt=\"\" class=\"img-fluid squared img-fluid squared img-fluid squared img-fluid squared img-fluid squared\" \/><\/a><div class=\"post-overlay-items\"><div class=\"post-icons\"><ul class=\"nav\"><li class=\"post-magnific-wrap\"><a href=\"#\" class=\"post-magnific image-gallery-link\" data-mfp-src=\"https:\/\/pl.gerz-construction.com\/wp-content\/uploads\/2024\/12\/red-park-etap-iv.jpg\"><span class=\"ti-zoom-in\"><\/span><\/a><\/li><li class=\"post-link-wrap\"><a href=\"https:\/\/pl.gerz-construction.com\/en\/portfolio\/red-park\/\" class=\"post-link\"><span class=\"ti-link\"><\/span><\/a><\/li><\/ul><\/div><!-- .post-icons --><div class=\"entry-title\"><h4 class=\"post-title-head\"><a href=\"https:\/\/pl.gerz-construction.com\/en\/portfolio\/red-park\/\" class=\"post-title\">Red Park<\/a><\/h4><\/div><!-- .entry-title --><\/div><\/div><!-- .post-thumb --><\/div><!-- .portfolio-inner --><\/div><!-- .col \/ .owl-carousel-item \/ .isotope --><div class=\"isotope-item portfolio-filter-75\"><div class=\"portfolio-inner\"><div class=\"post-thumb post-overlay-active\"><a href=\"https:\/\/pl.gerz-construction.com\/en\/portfolio\/nowe-ogrody\/\" class=\"post-image-link\"><img decoding=\"async\" src=\"https:\/\/pl.gerz-construction.com\/wp-content\/uploads\/2024\/12\/2022-10-20-nowe-ogrody-8-etap-2-1-crop-1200-800.jpg\" title=\"2022-10-20-nowe-ogrody-8-etap-2-1-crop-1200-800\" alt=\"\" class=\"img-fluid squared img-fluid squared img-fluid squared img-fluid squared img-fluid squared img-fluid squared\" \/><\/a><div class=\"post-overlay-items\"><div class=\"post-icons\"><ul class=\"nav\"><li class=\"post-magnific-wrap\"><a href=\"#\" class=\"post-magnific image-gallery-link\" data-mfp-src=\"https:\/\/pl.gerz-construction.com\/wp-content\/uploads\/2024\/12\/2022-10-20-nowe-ogrody-8-etap-2-1-crop-1200-800.jpg\"><span class=\"ti-zoom-in\"><\/span><\/a><\/li><li class=\"post-link-wrap\"><a href=\"https:\/\/pl.gerz-construction.com\/en\/portfolio\/nowe-ogrody\/\" class=\"post-link\"><span class=\"ti-link\"><\/span><\/a><\/li><\/ul><\/div><!-- .post-icons --><div class=\"entry-title\"><h4 class=\"post-title-head\"><a href=\"https:\/\/pl.gerz-construction.com\/en\/portfolio\/nowe-ogrody\/\" class=\"post-title\">Nowe Ogrody<\/a><\/h4><\/div><!-- .entry-title --><\/div><\/div><!-- .post-thumb --><\/div><!-- .portfolio-inner --><\/div><!-- .col \/ .owl-carousel-item \/ .isotope --><div class=\"isotope-item portfolio-filter-76\"><div class=\"portfolio-inner\"><div class=\"post-thumb post-overlay-active\"><a href=\"https:\/\/pl.gerz-construction.com\/en\/portfolio\/mlociny\/\" class=\"post-image-link\"><img decoding=\"async\" src=\"https:\/\/pl.gerz-construction.com\/wp-content\/uploads\/2024\/12\/202209-galeria-mlociny-11.webp\" title=\"202209-galeria-mlociny-11\" alt=\"\" class=\"img-fluid squared img-fluid squared img-fluid squared img-fluid squared img-fluid squared img-fluid squared img-fluid squared\" \/><\/a><div class=\"post-overlay-items\"><div class=\"post-icons\"><ul class=\"nav\"><li class=\"post-magnific-wrap\"><a href=\"#\" class=\"post-magnific image-gallery-link\" data-mfp-src=\"https:\/\/pl.gerz-construction.com\/wp-content\/uploads\/2024\/12\/202209-galeria-mlociny-11.webp\"><span class=\"ti-zoom-in\"><\/span><\/a><\/li><li class=\"post-link-wrap\"><a href=\"https:\/\/pl.gerz-construction.com\/en\/portfolio\/mlociny\/\" class=\"post-link\"><span class=\"ti-link\"><\/span><\/a><\/li><\/ul><\/div><!-- .post-icons --><div class=\"entry-title\"><h4 class=\"post-title-head\"><a href=\"https:\/\/pl.gerz-construction.com\/en\/portfolio\/mlociny\/\" class=\"post-title\">Mlociny<\/a><\/h4><\/div><!-- .entry-title --><\/div><\/div><!-- .post-thumb --><\/div><!-- .portfolio-inner --><\/div><!-- .col \/ .owl-carousel-item \/ .isotope --><div class=\"isotope-item portfolio-filter-76\"><div class=\"portfolio-inner\"><div class=\"post-thumb post-overlay-active\"><a href=\"https:\/\/pl.gerz-construction.com\/en\/portfolio\/suntago-water-world\/\" class=\"post-image-link\"><img decoding=\"async\" src=\"https:\/\/pl.gerz-construction.com\/wp-content\/uploads\/2024\/12\/Suntago-fot.-Drone-in-Warsaw-1170x680-1.jpg\" title=\"Suntago-fot.-Drone-in-Warsaw-1170&#215;680\" alt=\"\" class=\"img-fluid squared img-fluid squared img-fluid squared img-fluid squared img-fluid squared img-fluid squared img-fluid squared img-fluid squared\" \/><\/a><div class=\"post-overlay-items\"><div class=\"post-icons\"><ul class=\"nav\"><li class=\"post-magnific-wrap\"><a href=\"#\" class=\"post-magnific image-gallery-link\" data-mfp-src=\"https:\/\/pl.gerz-construction.com\/wp-content\/uploads\/2024\/12\/Suntago-fot.-Drone-in-Warsaw-1170x680-1.jpg\"><span class=\"ti-zoom-in\"><\/span><\/a><\/li><li class=\"post-link-wrap\"><a href=\"https:\/\/pl.gerz-construction.com\/en\/portfolio\/suntago-water-world\/\" class=\"post-link\"><span class=\"ti-link\"><\/span><\/a><\/li><\/ul><\/div><!-- .post-icons --><div class=\"entry-title\"><h4 class=\"post-title-head\"><a href=\"https:\/\/pl.gerz-construction.com\/en\/portfolio\/suntago-water-world\/\" class=\"post-title\">Suntago Water World<\/a><\/h4><\/div><!-- .entry-title --><\/div><\/div><!-- .post-thumb --><\/div><!-- .portfolio-inner --><\/div><!-- .col \/ .owl-carousel-item \/ .isotope --><div class=\"isotope-item portfolio-filter-76\"><div class=\"portfolio-inner\"><div class=\"post-thumb post-overlay-active\"><a href=\"https:\/\/pl.gerz-construction.com\/en\/portfolio\/galeria-libero\/\" class=\"post-image-link\"><img decoding=\"async\" src=\"https:\/\/pl.gerz-construction.com\/wp-content\/uploads\/2024\/12\/Libero-Katowice.jpg\" title=\"Libero-Katowice\" alt=\"\" class=\"img-fluid squared img-fluid squared img-fluid squared img-fluid squared img-fluid squared img-fluid squared img-fluid squared img-fluid squared img-fluid squared\" \/><\/a><div class=\"post-overlay-items\"><div class=\"post-icons\"><ul class=\"nav\"><li class=\"post-magnific-wrap\"><a href=\"#\" class=\"post-magnific image-gallery-link\" data-mfp-src=\"https:\/\/pl.gerz-construction.com\/wp-content\/uploads\/2024\/12\/Libero-Katowice.jpg\"><span class=\"ti-zoom-in\"><\/span><\/a><\/li><li class=\"post-link-wrap\"><a href=\"https:\/\/pl.gerz-construction.com\/en\/portfolio\/galeria-libero\/\" class=\"post-link\"><span class=\"ti-link\"><\/span><\/a><\/li><\/ul><\/div><!-- .post-icons --><div class=\"entry-title\"><h4 class=\"post-title-head\"><a href=\"https:\/\/pl.gerz-construction.com\/en\/portfolio\/galeria-libero\/\" class=\"post-title\">Galeria Libero<\/a><\/h4><\/div><!-- .entry-title --><\/div><\/div><!-- .post-thumb --><\/div><!-- .portfolio-inner --><\/div><!-- .col \/ .owl-carousel-item \/ .isotope --><div class=\"isotope-item portfolio-filter-76\"><div class=\"portfolio-inner\"><div class=\"post-thumb post-overlay-active\"><a href=\"https:\/\/pl.gerz-construction.com\/en\/portfolio\/gemini-park\/\" class=\"post-image-link\"><img decoding=\"async\" src=\"https:\/\/pl.gerz-construction.com\/wp-content\/uploads\/2024\/12\/173800_r0_1140.jpg\" title=\"173800_r0_1140\" alt=\"\" class=\"img-fluid squared img-fluid squared img-fluid squared img-fluid squared img-fluid squared img-fluid squared img-fluid squared img-fluid squared img-fluid squared img-fluid squared\" \/><\/a><div class=\"post-overlay-items\"><div class=\"post-icons\"><ul class=\"nav\"><li class=\"post-magnific-wrap\"><a href=\"#\" class=\"post-magnific image-gallery-link\" data-mfp-src=\"https:\/\/pl.gerz-construction.com\/wp-content\/uploads\/2024\/12\/173800_r0_1140.jpg\"><span class=\"ti-zoom-in\"><\/span><\/a><\/li><li class=\"post-link-wrap\"><a href=\"https:\/\/pl.gerz-construction.com\/en\/portfolio\/gemini-park\/\" class=\"post-link\"><span class=\"ti-link\"><\/span><\/a><\/li><\/ul><\/div><!-- .post-icons --><div class=\"entry-title\"><h4 class=\"post-title-head\"><a href=\"https:\/\/pl.gerz-construction.com\/en\/portfolio\/gemini-park\/\" class=\"post-title\">Gemini Park<\/a><\/h4><\/div><!-- .entry-title --><\/div><\/div><!-- .post-thumb --><\/div><!-- .portfolio-inner --><\/div><!-- .col \/ .owl-carousel-item \/ .isotope --><\/div><!-- .isotope -->\t\t\t\r\n\t\t<\/div>\r\n\t\t\t\t<\/div>\n\t\t\t\t\t<\/div>\n\t\t<\/div>\n\t\t\t\t\t<\/div>\n\t\t<\/section>\n\t\t\t\t<section class=\"elementor-section elementor-top-section elementor-element elementor-element-ce91da2 elementor-section-stretched elementor-section-content-middle cus-float-img elementor-section-boxed elementor-section-height-default elementor-section-height-default\" data-id=\"ce91da2\" data-element_type=\"section\" data-settings=\"{&quot;stretch_section&quot;:&quot;section-stretched&quot;,&quot;background_background&quot;:&quot;classic&quot;,&quot;_ha_eqh_enable&quot;:false}\">\n\t\t\t\t\t\t\t<div class=\"elementor-background-overlay\"><\/div>\n\t\t\t\t\t\t\t<div class=\"elementor-container elementor-column-gap-wide\">\n\t\t\t\t\t<div class=\"elementor-column elementor-col-33 elementor-top-column elementor-element elementor-element-fed44b2\" data-id=\"fed44b2\" data-element_type=\"column\">\n\t\t\t<div class=\"elementor-widget-wrap elementor-element-populated\">\n\t\t\t\t\t\t<section class=\"elementor-section elementor-inner-section elementor-element elementor-element-4808337 elementor-section-content-middle elementor-section-boxed elementor-section-height-default elementor-section-height-default\" data-id=\"4808337\" data-element_type=\"section\" data-settings=\"{&quot;_ha_eqh_enable&quot;:false}\">\n\t\t\t\t\t\t<div class=\"elementor-container elementor-column-gap-default\">\n\t\t\t\t\t<div class=\"elementor-column elementor-col-100 elementor-inner-column elementor-element elementor-element-2cd633e\" data-id=\"2cd633e\" data-element_type=\"column\">\n\t\t\t<div class=\"elementor-widget-wrap elementor-element-populated\">\n\t\t\t\t\t\t<div class=\"elementor-element elementor-element-29e6381 cea-view-default elementor-invisible elementor-widget elementor-widget-ceafeaturebox\" data-id=\"29e6381\" data-element_type=\"widget\" data-settings=\"{&quot;_animation&quot;:&quot;fadeInUp&quot;}\" data-widget_type=\"ceafeaturebox.default\">\n\t\t\t\t<div class=\"elementor-widget-container feature-box-wrapper feature-box-default\">\r\n\t\t\t<div class=\"media\"><div class=\"media-icon-part align-self-center\"><div class=\"cea-featured-icon\"><i aria-hidden=\"true\" class=\"ti ti-location-pin\"><\/i><\/div><\/div><div class=\"media-body align-self-center\"><div class=\"fbox-content\">ul.  GRABISZY\u0143SKA, nr 163, lok. 129, miejsc. WROC\u0141AW, kod 53-439<\/div><\/div><!-- .media-body --><\/div><!-- .media -->\t\t<\/div>\r\n\t\t\t\t<\/div>\n\t\t\t\t\t<\/div>\n\t\t<\/div>\n\t\t\t\t\t<\/div>\n\t\t<\/section>\n\t\t\t\t\t<\/div>\n\t\t<\/div>\n\t\t\t\t<div class=\"elementor-column elementor-col-33 elementor-top-column elementor-element elementor-element-dfec42f elementor-invisible\" data-id=\"dfec42f\" data-element_type=\"column\" data-settings=\"{&quot;animation&quot;:&quot;fadeInUp&quot;}\">\n\t\t\t<div class=\"elementor-widget-wrap elementor-element-populated\">\n\t\t\t\t\t\t<div class=\"elementor-element elementor-element-83a5cd0 cea-view-default elementor-invisible elementor-widget elementor-widget-ceafeaturebox\" data-id=\"83a5cd0\" data-element_type=\"widget\" data-settings=\"{&quot;_animation&quot;:&quot;fadeInUp&quot;}\" data-widget_type=\"ceafeaturebox.default\">\n\t\t\t\t<div class=\"elementor-widget-container feature-box-wrapper feature-box-default\">\r\n\t\t\t<div class=\"media\"><div class=\"media-icon-part align-self-center\"><div class=\"cea-featured-icon cea-elementor-animation\"><i aria-hidden=\"true\" class=\"ti ti-headphone-alt\"><\/i><\/div><\/div><div class=\"media-body align-self-center\"><div class=\"fbox-content\"><a href=\"tel: 380445380360\">+38(044) 538-03-60<\/a>\n\n<\/div><\/div><!-- .media-body --><\/div><!-- .media -->\t\t<\/div>\r\n\t\t\t\t<\/div>\n\t\t\t\t\t<\/div>\n\t\t<\/div>\n\t\t\t\t<div class=\"elementor-column elementor-col-33 elementor-top-column elementor-element elementor-element-1cfc4eb elementor-invisible\" data-id=\"1cfc4eb\" data-element_type=\"column\" data-settings=\"{&quot;animation&quot;:&quot;fadeInUp&quot;}\">\n\t\t\t<div class=\"elementor-widget-wrap elementor-element-populated\">\n\t\t\t\t\t\t<div class=\"elementor-element elementor-element-0eefa9c cea-view-default elementor-invisible elementor-widget elementor-widget-ceafeaturebox\" data-id=\"0eefa9c\" data-element_type=\"widget\" data-settings=\"{&quot;_animation&quot;:&quot;fadeInUp&quot;}\" data-widget_type=\"ceafeaturebox.default\">\n\t\t\t\t<div class=\"elementor-widget-container feature-box-wrapper feature-box-default\">\r\n\t\t\t<div class=\"media\"><div class=\"media-icon-part align-self-center\"><div class=\"cea-featured-icon\"><i aria-hidden=\"true\" class=\"ti ti-email\"><\/i><\/div><\/div><div class=\"media-body align-self-center\"><div class=\"fbox-content\"><a href=\"mailto:office@gerz-construction.com\">office@gerz-construction.com <\/a>\n<\/div><\/div><!-- .media-body --><\/div><!-- .media -->\t\t<\/div>\r\n\t\t\t\t<\/div>\n\t\t\t\t\t<\/div>\n\t\t<\/div>\n\t\t\t\t\t<\/div>\n\t\t<\/section>\n\t\t\t\t<\/div>","protected":false},"excerpt":{"rendered":"<p>\u0412\u0441\u0456 Infrastruktura spo\u0142eczna Przemys\u0142 Nieruchomo\u015bci mieszkalne Nieruchomo\u015bci komercyjne Stadion Miejski GKS Polska mied\u017a..<\/p>","protected":false},"author":1,"featured_media":0,"parent":0,"menu_order":0,"comment_status":"closed","ping_status":"closed","template":"","meta":{"footnotes":""},"_links":{"self":[{"href":"https:\/\/pl.gerz-construction.com\/en\/wp-json\/wp\/v2\/pages\/22538"}],"collection":[{"href":"https:\/\/pl.gerz-construction.com\/en\/wp-json\/wp\/v2\/pages"}],"about":[{"href":"https:\/\/pl.gerz-construction.com\/en\/wp-json\/wp\/v2\/types\/page"}],"author":[{"embeddable":true,"href":"https:\/\/pl.gerz-construction.com\/en\/wp-json\/wp\/v2\/users\/1"}],"replies":[{"embeddable":true,"href":"https:\/\/pl.gerz-construction.com\/en\/wp-json\/wp\/v2\/comments?post=22538"}],"version-history":[{"count":77,"href":"https:\/\/pl.gerz-construction.com\/en\/wp-json\/wp\/v2\/pages\/22538\/revisions"}],"predecessor-version":[{"id":27726,"href":"https:\/\/pl.gerz-construction.com\/en\/wp-json\/wp\/v2\/pages\/22538\/revisions\/27726"}],"wp:attachment":[{"href":"https:\/\/pl.gerz-construction.com\/en\/wp-json\/wp\/v2\/media?parent=22538"}],"curies":[{"name":"wp","href":"https:\/\/api.w.org\/{rel}","templated":true}]}}