{"id":10630,"date":"2021-08-30T07:14:47","date_gmt":"2021-08-30T07:14:47","guid":{"rendered":"https:\/\/elementor.zozothemes.com\/interiar\/home-copy\/"},"modified":"2024-12-11T17:56:50","modified_gmt":"2024-12-11T15:56:50","slug":"contact-us","status":"publish","type":"page","link":"https:\/\/pl.gerz-construction.com\/en\/contact-us\/","title":{"rendered":"KONTAKT"},"content":{"rendered":"<div data-elementor-type=\"wp-page\" data-elementor-id=\"10630\" class=\"elementor elementor-10630\" data-elementor-post-type=\"page\">\n\t\t\t\t\t\t<section class=\"elementor-section elementor-top-section elementor-element elementor-element-7f7d0aa elementor-section-stretched elementor-section-content-middle elementor-section-boxed elementor-section-height-default elementor-section-height-default\" data-id=\"7f7d0aa\" data-element_type=\"section\" data-settings=\"{&quot;stretch_section&quot;:&quot;section-stretched&quot;,&quot;background_background&quot;:&quot;classic&quot;,&quot;_ha_eqh_enable&quot;:false}\">\n\t\t\t\t\t\t\t<div class=\"elementor-background-overlay\"><\/div>\n\t\t\t\t\t\t\t<div class=\"elementor-container elementor-column-gap-wide\">\n\t\t\t\t\t<div class=\"elementor-column elementor-col-50 elementor-top-column elementor-element elementor-element-627f269\" data-id=\"627f269\" data-element_type=\"column\">\n\t\t\t<div class=\"elementor-widget-wrap elementor-element-populated\">\n\t\t\t\t\t\t<div class=\"elementor-element elementor-element-4bc00cf elementor-invisible elementor-widget elementor-widget-ceasectiontitle\" data-id=\"4bc00cf\" data-element_type=\"widget\" data-settings=\"{&quot;_animation&quot;:&quot;fadeInUp&quot;}\" data-widget_type=\"ceasectiontitle.default\">\n\t\t\t\t<div class=\"elementor-widget-container\">\n\t\t\t<div class=\"section-title-wrapper\"><div class=\"title-wrap\"><h6 class=\"sub-title\">Nasze kontakty <\/h6><h2 class=\"section-title\">Skontaktuj si\u0119 z nami w celu konsultacji<\/h2><\/div><!-- .title-wrap --><div class=\"section-description\"><\/div><!-- .section-description --><\/div><!-- .section-title-wrapper -->\t\t<\/div>\n\t\t\t\t<\/div>\n\t\t\t\t<section class=\"elementor-section elementor-inner-section elementor-element elementor-element-3bc762a elementor-section-content-middle elementor-section-boxed elementor-section-height-default elementor-section-height-default\" data-id=\"3bc762a\" data-element_type=\"section\" data-settings=\"{&quot;_ha_eqh_enable&quot;:false}\">\n\t\t\t\t\t\t<div class=\"elementor-container elementor-column-gap-default\">\n\t\t\t\t\t<div class=\"elementor-column elementor-col-50 elementor-inner-column elementor-element elementor-element-c3ae86e\" data-id=\"c3ae86e\" data-element_type=\"column\">\n\t\t\t<div class=\"elementor-widget-wrap elementor-element-populated\">\n\t\t\t\t\t\t<div class=\"elementor-element elementor-element-b8fb637 cea-view-default elementor-invisible elementor-widget elementor-widget-ceafeaturebox\" data-id=\"b8fb637\" data-element_type=\"widget\" data-settings=\"{&quot;_animation&quot;:&quot;fadeInUp&quot;}\" data-widget_type=\"ceafeaturebox.default\">\n\t\t\t\t<div class=\"elementor-widget-container feature-box-wrapper feature-box-default\">\r\n\t\t\t<div class=\"media\"><div class=\"media-icon-part align-self-center\"><div class=\"cea-featured-icon\"><i aria-hidden=\"true\" class=\"ti ti-location-pin\"><\/i><\/div><\/div><div class=\"media-body align-self-center\"><div class=\"fbox-content\">ul.  GRABISZY\u0143SKA, nr 163, lok. 129, miejsc. WROC\u0141AW, kod 53-439<\/div><\/div><!-- .media-body --><\/div><!-- .media -->\t\t<\/div>\r\n\t\t\t\t<\/div>\n\t\t\t\t<div class=\"elementor-element elementor-element-561b8a7 cea-view-default elementor-invisible elementor-widget elementor-widget-ceafeaturebox\" data-id=\"561b8a7\" data-element_type=\"widget\" data-settings=\"{&quot;_animation&quot;:&quot;fadeInUp&quot;}\" data-widget_type=\"ceafeaturebox.default\">\n\t\t\t\t<div class=\"elementor-widget-container feature-box-wrapper feature-box-default\">\r\n\t\t\t<div class=\"media\"><div class=\"media-icon-part align-self-center\"><div class=\"cea-featured-icon\"><i aria-hidden=\"true\" class=\"ti ti-headphone-alt\"><\/i><\/div><\/div><div class=\"media-body align-self-center\"><div class=\"fbox-content\"><a href=\"tel: 380445380360\">+38(044) 538-03-60<\/a>\n<\/div><\/div><!-- .media-body --><\/div><!-- .media -->\t\t<\/div>\r\n\t\t\t\t<\/div>\n\t\t\t\t<div class=\"elementor-element elementor-element-99b686f cea-view-default elementor-invisible elementor-widget elementor-widget-ceafeaturebox\" data-id=\"99b686f\" data-element_type=\"widget\" data-settings=\"{&quot;_animation&quot;:&quot;fadeInUp&quot;}\" data-widget_type=\"ceafeaturebox.default\">\n\t\t\t\t<div class=\"elementor-widget-container feature-box-wrapper feature-box-default\">\r\n\t\t\t<div class=\"media\"><div class=\"media-icon-part align-self-center\"><div class=\"cea-featured-icon\"><i aria-hidden=\"true\" class=\"ti ti-email\"><\/i><\/div><\/div><div class=\"media-body align-self-center\"><div class=\"fbox-content\"><a href=\"mailto:office@gerz-construction.com\">office@gerz-construction.com<\/a><\/div><\/div><!-- .media-body --><\/div><!-- .media -->\t\t<\/div>\r\n\t\t\t\t<\/div>\n\t\t\t\t\t<\/div>\n\t\t<\/div>\n\t\t\t\t<div class=\"elementor-column elementor-col-50 elementor-inner-column elementor-element elementor-element-534560f elementor-invisible\" data-id=\"534560f\" data-element_type=\"column\" data-settings=\"{&quot;background_background&quot;:&quot;classic&quot;,&quot;animation&quot;:&quot;fadeInUp&quot;}\">\n\t\t\t<div class=\"elementor-widget-wrap elementor-element-populated\">\n\t\t\t\t\t<div class=\"elementor-background-overlay\"><\/div>\n\t\t\t\t\t\t<div class=\"elementor-element elementor-element-2e8ba6f cea-view-default elementor-widget elementor-widget-ceafeaturebox\" data-id=\"2e8ba6f\" data-element_type=\"widget\" data-widget_type=\"ceafeaturebox.default\">\n\t\t\t\t<div class=\"elementor-widget-container feature-box-wrapper feature-box-default\">\r\n\t\t\t<div class=\"feature-box-inner\"><div class=\"fbox-content\">Budowanie marze\u0144 razem z GERZ<\/div><\/div>\t\t<\/div>\r\n\t\t\t\t<\/div>\n\t\t\t\t\t<\/div>\n\t\t<\/div>\n\t\t\t\t\t<\/div>\n\t\t<\/section>\n\t\t\t\t\t<\/div>\n\t\t<\/div>\n\t\t\t\t<div class=\"elementor-column elementor-col-50 elementor-top-column elementor-element elementor-element-ce4dcea elementor-invisible\" data-id=\"ce4dcea\" data-element_type=\"column\" data-settings=\"{&quot;animation&quot;:&quot;fadeInUp&quot;}\">\n\t\t\t<div class=\"elementor-widget-wrap elementor-element-populated\">\n\t\t\t\t\t\t<div class=\"elementor-element elementor-element-f4dc60b elementor-widget elementor-widget-contactform\" data-id=\"f4dc60b\" data-element_type=\"widget\" data-widget_type=\"contactform.default\">\n\t\t\t\t<div class=\"elementor-widget-container\">\n\t\t\t<div class=\"contact-form-wrapper cf-style-classic-pro\"><div class=\"contact-form\">\n<div class=\"wpcf7 no-js\" id=\"wpcf7-f13724-o1\" lang=\"en-US\" dir=\"ltr\">\n<div class=\"screen-reader-response\"><p role=\"status\" aria-live=\"polite\" aria-atomic=\"true\"><\/p> <ul><\/ul><\/div>\n<form action=\"\/en\/wp-json\/wp\/v2\/pages\/10630#wpcf7-f13724-o1\" method=\"post\" class=\"wpcf7-form init\" aria-label=\"Contact form\" novalidate=\"novalidate\" data-status=\"init\" data-trp-original-action=\"\/en\/wp-json\/wp\/v2\/pages\/10630#wpcf7-f13724-o1\">\n<div style=\"display: none;\">\n<input type=\"hidden\" name=\"_wpcf7\" value=\"13724\" \/>\n<input type=\"hidden\" name=\"_wpcf7_version\" value=\"5.9.3\" \/>\n<input type=\"hidden\" name=\"_wpcf7_locale\" value=\"en_US\" \/>\n<input type=\"hidden\" name=\"_wpcf7_unit_tag\" value=\"wpcf7-f13724-o1\" \/>\n<input type=\"hidden\" name=\"_wpcf7_container_post\" value=\"0\" \/>\n<input type=\"hidden\" name=\"_wpcf7_posted_data_hash\" value=\"\" \/>\n<\/div>\n<div class=\"row\">\n\t<div class=\"col-md-12\">\n\t\t<p><span class=\"wpcf7-form-control-wrap\" data-name=\"your-name\"><input size=\"40\" class=\"wpcf7-form-control wpcf7-text wpcf7-validates-as-required\" aria-required=\"true\" aria-invalid=\"false\" placeholder=\"\u0412\u0430\u0448\u0435 \u0456\u043c&#039;\u044f\" value=\"\" type=\"text\" name=\"your-name\" \/><\/span><br \/>\n<span class=\"wpcf7-form-control-wrap\" data-name=\"your-email\"><input size=\"40\" class=\"wpcf7-form-control wpcf7-email wpcf7-validates-as-required wpcf7-text wpcf7-validates-as-email\" aria-required=\"true\" aria-invalid=\"false\" placeholder=\"\u0412\u0430\u0448 E-mail\" value=\"\" type=\"email\" name=\"your-email\" \/><\/span><br \/>\n<span class=\"wpcf7-form-control-wrap\" data-name=\"your-phone\"><input size=\"40\" class=\"wpcf7-form-control wpcf7-tel wpcf7-text wpcf7-validates-as-tel\" aria-invalid=\"false\" placeholder=\"\u0412\u0430\u0448 \u0442\u0435\u043b\u0435\u0444\u043e\u043d\" value=\"\" type=\"tel\" name=\"your-phone\" \/><\/span>\n\t\t<\/p>\n\t<\/div>\n\t<div class=\"col-md-12\">\n\t\t<p><span class=\"wpcf7-form-control-wrap\" data-name=\"your-message\"><textarea cols=\"40\" rows=\"10\" class=\"wpcf7-form-control wpcf7-textarea\" aria-invalid=\"false\" placeholder=\"\u0412\u0430\u0448\u0435 \u043f\u043e\u0432\u0456\u0434\u043e\u043c\u043b\u0435\u043d\u043d\u044f\" name=\"your-message\"><\/textarea><\/span>\n\t\t<\/p>\n\t<\/div>\n\t<div class=\"col-md-12\">\n\t\t<p><input class=\"wpcf7-form-control wpcf7-submit has-spinner\" type=\"submit\" value=\"\u041d\u0430\u0434\u0456\u0441\u043b\u0430\u0442\u0438\" \/>\n\t\t<\/p>\n\t<\/div>\n<\/div><div class=\"wpcf7-response-output\" aria-hidden=\"true\"><\/div>\n<input type=\"hidden\" name=\"trp-form-language\" value=\"en\"\/><\/form>\n<\/div>\n<\/div><!-- .contact-form --><\/div><!-- .contact-form-wrapper -->\t\t<\/div>\n\t\t\t\t<\/div>\n\t\t\t\t\t<\/div>\n\t\t<\/div>\n\t\t\t\t\t<\/div>\n\t\t<\/section>\n\t\t\t\t<section class=\"elementor-section elementor-top-section elementor-element elementor-element-1e7c1bc elementor-section-boxed elementor-section-height-default elementor-section-height-default elementor-invisible\" data-id=\"1e7c1bc\" data-element_type=\"section\" data-settings=\"{&quot;background_background&quot;:&quot;classic&quot;,&quot;animation&quot;:&quot;fadeInUp&quot;,&quot;_ha_eqh_enable&quot;:false}\">\n\t\t\t\t\t\t<div class=\"elementor-container elementor-column-gap-default\">\n\t\t\t\t\t<div class=\"elementor-column elementor-col-100 elementor-top-column elementor-element elementor-element-593c50c\" data-id=\"593c50c\" data-element_type=\"column\">\n\t\t\t<div class=\"elementor-widget-wrap elementor-element-populated\">\n\t\t\t\t\t\t<div class=\"elementor-element elementor-element-6959386 elementor-widget elementor-widget-google_maps\" data-id=\"6959386\" data-element_type=\"widget\" data-widget_type=\"google_maps.default\">\n\t\t\t\t<div class=\"elementor-widget-container\">\n\t\t\t<style>\/*! elementor - v3.20.0 - 20-03-2024 *\/\n.elementor-widget-google_maps .elementor-widget-container{overflow:hidden}.elementor-widget-google_maps .elementor-custom-embed{line-height:0}.elementor-widget-google_maps iframe{height:300px}<\/style>\t\t<div class=\"elementor-custom-embed\">\n\t\t\t<iframe loading=\"lazy\"\n\t\t\t\t\tsrc=\"https:\/\/maps.google.com\/maps?q=ul.%20%20GRABISZY%C5%83SKA%2C%20nr%20163%2C%20lok.%20129%2C%20miejsc.%20WROC%C5%81AW%2C%20kod%2053-439&#038;t=m&#038;z=16&#038;output=embed&#038;iwloc=near\"\n\t\t\t\t\ttitle=\"ul.  GRABISZY\u0143SKA, nr 163, lok. 129, miejsc. WROC\u0141AW, kod 53-439\"\n\t\t\t\t\taria-label=\"ul.  GRABISZY\u0143SKA, nr 163, lok. 129, miejsc. WROC\u0141AW, kod 53-439\"\n\t\t\t><\/iframe>\n\t\t<\/div>\n\t\t\t\t<\/div>\n\t\t\t\t<\/div>\n\t\t\t\t\t<\/div>\n\t\t<\/div>\n\t\t\t\t\t<\/div>\n\t\t<\/section>\n\t\t\t\t<\/div>","protected":false},"excerpt":{"rendered":"<p>Nasze kontakty Skontaktuj si\u0119 z nami w celu konsultacji ul. GRABISZY\u0143SKA, nr 163, lok. 129, miejsc. WROC\u0141AW, kod 53-439 +38(044) 538-03-60 office@gerz-construction.com Budowanie marze\u0144 razem z GERZ<\/p>","protected":false},"author":1,"featured_media":0,"parent":0,"menu_order":0,"comment_status":"closed","ping_status":"closed","template":"","meta":{"footnotes":""},"_links":{"self":[{"href":"https:\/\/pl.gerz-construction.com\/en\/wp-json\/wp\/v2\/pages\/10630"}],"collection":[{"href":"https:\/\/pl.gerz-construction.com\/en\/wp-json\/wp\/v2\/pages"}],"about":[{"href":"https:\/\/pl.gerz-construction.com\/en\/wp-json\/wp\/v2\/types\/page"}],"author":[{"embeddable":true,"href":"https:\/\/pl.gerz-construction.com\/en\/wp-json\/wp\/v2\/users\/1"}],"replies":[{"embeddable":true,"href":"https:\/\/pl.gerz-construction.com\/en\/wp-json\/wp\/v2\/comments?post=10630"}],"version-history":[{"count":85,"href":"https:\/\/pl.gerz-construction.com\/en\/wp-json\/wp\/v2\/pages\/10630\/revisions"}],"predecessor-version":[{"id":27676,"href":"https:\/\/pl.gerz-construction.com\/en\/wp-json\/wp\/v2\/pages\/10630\/revisions\/27676"}],"wp:attachment":[{"href":"https:\/\/pl.gerz-construction.com\/en\/wp-json\/wp\/v2\/media?parent=10630"}],"curies":[{"name":"wp","href":"https:\/\/api.w.org\/{rel}","templated":true}]}}